{"id":8,"date":"2013-12-03T16:24:01","date_gmt":"2013-12-03T15:24:01","guid":{"rendered":"http:\/\/orawka-kosciol.pl\/?page_id=8"},"modified":"2025-07-28T19:41:06","modified_gmt":"2025-07-28T17:41:06","slug":"zwiedzanie","status":"publish","type":"page","link":"https:\/\/orawka-kosciol.pl\/de\/zwiedzanie\/","title":{"rendered":"Besichtigung 2025"},"content":{"rendered":"<p><\/p>\n<p style=\"text-align: center;\">Der Tourismussaison dauert\u00a0 von <strong>1Juli bis 31 August<br \/>\n<\/strong><\/p>\n<p style=\"text-align: center;\">\u00a0Donnerstag, Freitag, Samstag \u00a09.00 &#8211; 17.30<\/p>\n<p style=\"text-align: center;\">Sonntag 11.30 &#8211; 16.30<\/p>\n<p style=\"text-align: center;\"><span class=\"HwtZe\" lang=\"de\"><span class=\"jCAhz ChMk0b\"><span class=\"ryNqvb\">Weitere Termine finden Sie im Zeitplan (blau rechts).<\/span><\/span> <span class=\"jCAhz ChMk0b\"><span class=\"ryNqvb\">Zu anderen Zeiten F\u00fchrungen in Gruppen von <strong>min.<\/strong><\/span><\/span> <span class=\"jCAhz ChMk0b\"><span class=\"ryNqvb\"><strong>10 Erwachsene<\/strong> nach vorheriger Kontaktaufnahme (2 Tage) <\/span><\/span><\/span><\/p>\n<p style=\"text-align: center;\"><strong><span class=\"HwtZe\" lang=\"de\"><span class=\"jCAhz ChMk0b\"><span class=\"ryNqvb\">+ 48 691 204 504<\/span><\/span> <span class=\"jCAhz ChMk0b\"><span class=\"ryNqvb\">Info-Mail: orawka.kosciol@gmail.com<\/span><\/span> <\/span><\/strong><\/p>\n<p style=\"text-align: center;\"><span class=\"HwtZe\" lang=\"de\"><span class=\"jCAhz ChMk0b\"><span class=\"ryNqvb\">Die Eintrittskarte ist eine Spende f\u00fcr die Renovierung der historischen Kirche, 8 PLN f\u00fcr Erwachsene, 5 PLN f\u00fcr Kinder, 7 PLN f\u00fcr Erwachsene in einer Gruppe von \u00fcber 40 Personen.<\/span><\/span><\/span><\/p>\n<div><\/div>\n<div><\/div>\n<div id=\"gt-src-tools\"><\/div>\n<div id=\"gt-input-tool\"><\/div>\n<div id=\"gt-src-c\" class=\"g-unit\"><\/div>\n<p><\/p>","protected":false},"excerpt":{"rendered":"<p>Der Tourismussaison dauert\u00a0 von 1Juli bis 31 August \u00a0Donnerstag, Freitag, Samstag \u00a09.00 &#8211; 17.30 Sonntag 11.30 &#8211; 16.30 Weitere Termine finden Sie im Zeitplan (blau rechts). Zu anderen Zeiten F\u00fchrungen in Gruppen von min. 10 Erwachsene nach vorheriger Kontaktaufnahme (2 Tage) + 48 691 204 504 Info-Mail: orawka.kosciol@gmail.com Die Eintrittskarte ist eine Spende f\u00fcr die [&hellip;]<\/p>\n","protected":false},"author":1,"featured_media":0,"parent":0,"menu_order":0,"comment_status":"closed","ping_status":"closed","template":"","meta":{"footnotes":""},"class_list":["post-8","page","type-page","status-publish","hentry"],"_links":{"self":[{"href":"https:\/\/orawka-kosciol.pl\/de\/wp-json\/wp\/v2\/pages\/8","targetHints":{"allow":["GET"]}}],"collection":[{"href":"https:\/\/orawka-kosciol.pl\/de\/wp-json\/wp\/v2\/pages"}],"about":[{"href":"https:\/\/orawka-kosciol.pl\/de\/wp-json\/wp\/v2\/types\/page"}],"author":[{"embeddable":true,"href":"https:\/\/orawka-kosciol.pl\/de\/wp-json\/wp\/v2\/users\/1"}],"replies":[{"embeddable":true,"href":"https:\/\/orawka-kosciol.pl\/de\/wp-json\/wp\/v2\/comments?post=8"}],"version-history":[{"count":368,"href":"https:\/\/orawka-kosciol.pl\/de\/wp-json\/wp\/v2\/pages\/8\/revisions"}],"predecessor-version":[{"id":3522,"href":"https:\/\/orawka-kosciol.pl\/de\/wp-json\/wp\/v2\/pages\/8\/revisions\/3522"}],"wp:attachment":[{"href":"https:\/\/orawka-kosciol.pl\/de\/wp-json\/wp\/v2\/media?parent=8"}],"curies":[{"name":"wp","href":"https:\/\/api.w.org\/{rel}","templated":true}]}}