{"id":8,"date":"2013-12-03T16:24:01","date_gmt":"2013-12-03T15:24:01","guid":{"rendered":"http:\/\/orawka-kosciol.pl\/?page_id=8"},"modified":"2025-07-28T19:41:06","modified_gmt":"2025-07-28T17:41:06","slug":"zwiedzanie","status":"publish","type":"page","link":"https:\/\/orawka-kosciol.pl\/es\/zwiedzanie\/","title":{"rendered":"Horario de apertura 2025"},"content":{"rendered":"<p><\/p>\n<p style=\"text-align: center;\"><strong>Tourist season lasts\u00a0 from July 1. to August 31.<\/strong><\/p>\n<p style=\"text-align: center;\"><span class=\"tlid-translation translation\" lang=\"en\"><span class=\"\" title=\"\">Tours <\/span><\/span><span id=\"result_box\" class=\"\" lang=\"en\"><\/span><span id=\"result_box\" class=\"\" lang=\"en\"><\/span><\/p>\n<p style=\"text-align: center;\"><strong>Thursday Friday, Saturday 9.30 \u2013 17.30<\/strong><\/p>\n<p style=\"text-align: center;\"><strong>Sunday 11.30 \u2013 16.30<\/strong><\/p>\n<p style=\"text-align: center;\"><span id=\"result_box\" class=\"\" lang=\"en\"><span class=\"\">Additional dates, see schedule (blue on the right). Some other time<\/span><\/span>\u00a0 touring in min. <strong>10 adult person group<\/strong>, after (before at last 2 days)<\/p>\n<p style=\"text-align: center;\">booking at<strong>\u00a0+ 48 691 204 504<\/strong> mail: <strong><a href=\"mailto:orawka.kosciol@gmail.com\">orawka.kosciol@gmail.com<\/a><\/strong><\/p>\n<p style=\"text-align: center;\">Entrance tickets which is also donation for renovation, cost 8 Z\u0142oty per adult person and 5 Z\u0142oty per people under 18 years old, however, 7 Z\u0142oty adult person in groups over 40 people.<\/p>\n<p style=\"text-align: center;\">per people under 18 years old, however, 7 Z\u0142oty adult person in groups over 40 people.<\/p>\n<p><\/p>","protected":false},"excerpt":{"rendered":"<p>Tourist season lasts\u00a0 from July 1. to August 31. Tours Thursday Friday, Saturday 9.30 \u2013 17.30 Sunday 11.30 \u2013 16.30 Additional dates, see schedule (blue on the right). Some other time\u00a0 touring in min. 10 adult person group, after (before at last 2 days) booking at\u00a0+ 48 691 204 504 mail: orawka.kosciol@gmail.com Entrance tickets which [&hellip;]<\/p>\n","protected":false},"author":1,"featured_media":0,"parent":0,"menu_order":0,"comment_status":"closed","ping_status":"closed","template":"","meta":{"footnotes":""},"class_list":["post-8","page","type-page","status-publish","hentry"],"_links":{"self":[{"href":"https:\/\/orawka-kosciol.pl\/es\/wp-json\/wp\/v2\/pages\/8","targetHints":{"allow":["GET"]}}],"collection":[{"href":"https:\/\/orawka-kosciol.pl\/es\/wp-json\/wp\/v2\/pages"}],"about":[{"href":"https:\/\/orawka-kosciol.pl\/es\/wp-json\/wp\/v2\/types\/page"}],"author":[{"embeddable":true,"href":"https:\/\/orawka-kosciol.pl\/es\/wp-json\/wp\/v2\/users\/1"}],"replies":[{"embeddable":true,"href":"https:\/\/orawka-kosciol.pl\/es\/wp-json\/wp\/v2\/comments?post=8"}],"version-history":[{"count":330,"href":"https:\/\/orawka-kosciol.pl\/es\/wp-json\/wp\/v2\/pages\/8\/revisions"}],"predecessor-version":[{"id":3522,"href":"https:\/\/orawka-kosciol.pl\/es\/wp-json\/wp\/v2\/pages\/8\/revisions\/3522"}],"wp:attachment":[{"href":"https:\/\/orawka-kosciol.pl\/es\/wp-json\/wp\/v2\/media?parent=8"}],"curies":[{"name":"wp","href":"https:\/\/api.w.org\/{rel}","templated":true}]}}