{"id":8,"date":"2013-12-03T16:24:01","date_gmt":"2013-12-03T15:24:01","guid":{"rendered":"http:\/\/orawka-kosciol.pl\/?page_id=8"},"modified":"2025-07-28T19:41:06","modified_gmt":"2025-07-28T17:41:06","slug":"zwiedzanie","status":"publish","type":"page","link":"https:\/\/orawka-kosciol.pl\/fr\/zwiedzanie\/","title":{"rendered":"De visites 2025"},"content":{"rendered":"<p><\/p>\n<p style=\"text-align: center;\"><span class=\"\">La saison touristique<\/span> va <span class=\"tlid-translation translation\" lang=\"fr\"><span title=\"\">du <strong>15er juin <span class=\"HwtZe\" lang=\"fr\"><span class=\"jCAhz JxVs2d ChMk0b\"><span class=\"ryNqvb\">au 31 ao\u00fbt<\/span><\/span><\/span><\/strong>.<\/span><\/span><\/p>\n<p style=\"text-align: center;\"><strong>\u00a0 <span class=\"HwtZe\" lang=\"fr\"><span class=\"jCAhz ChMk0b\"><span class=\"ryNqvb\">Jeudi<\/span><\/span><\/span>, <\/strong><strong><span class=\"\">Vendredi, <\/span><\/strong><strong>Samedi <span class=\"\">de 9,30 \u00e0 17,30<\/span><\/strong><\/p>\n<p style=\"text-align: center;\"><strong>Dimanche <span class=\"\">de 11,30 \u00e0 16,30<\/span><\/strong><\/p>\n<p style=\"text-align: center;\"><strong>Dans <span class=\"\">la visite<\/span> de temps restant possible<\/strong> dans les groupes de plus de 10 personnes par<\/p>\n<p style=\"text-align: center;\"><span id=\"result_box\" class=\"\" lang=\"fr\"> (au moins un jour) la notification pr\u00e9alable<\/span><span id=\"result_box\" class=\"\" lang=\"fr\"> num\u00e9ros t\u00e9l.<\/span><\/p>\n<p style=\"text-align: center;\"><strong><span class=\"\">+ 48 691 204 504<\/span> (Guide) ou +48 18 265 23 40 (pr\u00eatre);<\/strong><\/p>\n<p style=\"text-align: center;\"><strong>mail (<span class=\"\">il y a 2<\/span> jours) orawka.kosciol@gmail.com<\/strong><\/p>\n<p style=\"text-align: center;\">L<span class=\"tlid-translation translation\"><span class=\"\" title=\"\">e billet d&rsquo;entr\u00e9e est un cadeau<\/span><\/span>\u00a0pour le renouvellement du monument <span class=\"\">pour<\/span><\/p>\n<p style=\"text-align: center;\"><span class=\"\"> le prix <\/span><span class=\"\"><span class=\"HwtZe\" lang=\"fr\"><span class=\"jCAhz ChMk0b\"><span class=\"ryNqvb\"> de 8 PLN pour les adultes, 5 PLN pour les enfants.<\/span><\/span><\/span><\/span><\/p>\n<p style=\"text-align: center;\"><strong>\u00a0 <\/strong><\/p>\n<p><\/p>","protected":false},"excerpt":{"rendered":"<p>La saison touristique va du 15er juin au 31 ao\u00fbt. \u00a0 Jeudi, Vendredi, Samedi de 9,30 \u00e0 17,30 Dimanche de 11,30 \u00e0 16,30 Dans la visite de temps restant possible dans les groupes de plus de 10 personnes par (au moins un jour) la notification pr\u00e9alable num\u00e9ros t\u00e9l. + 48 691 204 504 (Guide) ou [&hellip;]<\/p>\n","protected":false},"author":1,"featured_media":0,"parent":0,"menu_order":0,"comment_status":"closed","ping_status":"closed","template":"","meta":{"footnotes":""},"class_list":["post-8","page","type-page","status-publish","hentry"],"_links":{"self":[{"href":"https:\/\/orawka-kosciol.pl\/fr\/wp-json\/wp\/v2\/pages\/8","targetHints":{"allow":["GET"]}}],"collection":[{"href":"https:\/\/orawka-kosciol.pl\/fr\/wp-json\/wp\/v2\/pages"}],"about":[{"href":"https:\/\/orawka-kosciol.pl\/fr\/wp-json\/wp\/v2\/types\/page"}],"author":[{"embeddable":true,"href":"https:\/\/orawka-kosciol.pl\/fr\/wp-json\/wp\/v2\/users\/1"}],"replies":[{"embeddable":true,"href":"https:\/\/orawka-kosciol.pl\/fr\/wp-json\/wp\/v2\/comments?post=8"}],"version-history":[{"count":302,"href":"https:\/\/orawka-kosciol.pl\/fr\/wp-json\/wp\/v2\/pages\/8\/revisions"}],"predecessor-version":[{"id":3522,"href":"https:\/\/orawka-kosciol.pl\/fr\/wp-json\/wp\/v2\/pages\/8\/revisions\/3522"}],"wp:attachment":[{"href":"https:\/\/orawka-kosciol.pl\/fr\/wp-json\/wp\/v2\/media?parent=8"}],"curies":[{"name":"wp","href":"https:\/\/api.w.org\/{rel}","templated":true}]}}