{"id":17,"date":"2013-12-03T17:21:54","date_gmt":"2013-12-03T16:21:54","guid":{"rendered":"http:\/\/orawka-kosciol.pl\/?page_id=17"},"modified":"2018-02-22T17:08:15","modified_gmt":"2018-02-22T16:08:15","slug":"mapa","status":"publish","type":"page","link":"https:\/\/orawka-kosciol.pl\/hu\/mapa\/","title":{"rendered":"T\u00e9rk\u00e9p"},"content":{"rendered":"<p><iframe loading=\"lazy\" width=\"600\" height=\"500\" frameborder=\"0\" scrolling=\"no\" marginheight=\"0\" marginwidth=\"0\" src=\"https:\/\/maps.google.pl\/maps?f=q&#038;source=s_q&#038;hl=pl&#038;geocode=&#038;q=ko%C5%9Bcio%C5%82+w+pobli%C5%BCu+Orawka&#038;aq=0&#038;oq=orawka+ko%C5%9B&#038;sll=49.849312,20.252287&#038;sspn=3.492674,8.453979&#038;ie=UTF8&#038;hq=ko%C5%9Bcio%C5%82&#038;hnear=Orawka,+nowotarski,+Wojew%C3%B3dztwo+ma%C5%82opolskie&#038;t=m&#038;fll=49.550663,19.761143&#038;fspn=0.054905,0.132093&#038;st=107658235038825379151&#038;rq=1&#038;ev=zi&#038;split=1&#038;ll=49.485258,19.704295&#038;spn=0.054945,0.132093&#038;iwloc=lyrftr:m,15662212109365748514,49.511111,19.718571&#038;output=embed\"><\/iframe><br \/><small><a href=\"https:\/\/maps.google.pl\/maps?f=q&#038;source=embed&#038;hl=pl&#038;geocode=&#038;q=ko%C5%9Bcio%C5%82+w+pobli%C5%BCu+Orawka&#038;aq=0&#038;oq=orawka+ko%C5%9B&#038;sll=49.849312,20.252287&#038;sspn=3.492674,8.453979&#038;ie=UTF8&#038;hq=ko%C5%9Bcio%C5%82&#038;hnear=Orawka,+nowotarski,+Wojew%C3%B3dztwo+ma%C5%82opolskie&#038;t=m&#038;fll=49.550663,19.761143&#038;fspn=0.054905,0.132093&#038;st=107658235038825379151&#038;rq=1&#038;ev=zi&#038;split=1&#038;ll=49.485258,19.704295&#038;spn=0.054945,0.132093&#038;iwloc=lyrftr:m,15662212109365748514,49.511111,19.718571\" style=\"color:#0000FF;text-align:left\">Wy\u015bwietl wi\u0119ksz\u0105 map\u0119<\/a><\/small><\/p>","protected":false},"excerpt":{"rendered":"<p>Wy\u015bwietl wi\u0119ksz\u0105 map\u0119<\/p>\n","protected":false},"author":1,"featured_media":0,"parent":0,"menu_order":3,"comment_status":"closed","ping_status":"closed","template":"","meta":{"footnotes":""},"class_list":["post-17","page","type-page","status-publish","hentry"],"_links":{"self":[{"href":"https:\/\/orawka-kosciol.pl\/hu\/wp-json\/wp\/v2\/pages\/17","targetHints":{"allow":["GET"]}}],"collection":[{"href":"https:\/\/orawka-kosciol.pl\/hu\/wp-json\/wp\/v2\/pages"}],"about":[{"href":"https:\/\/orawka-kosciol.pl\/hu\/wp-json\/wp\/v2\/types\/page"}],"author":[{"embeddable":true,"href":"https:\/\/orawka-kosciol.pl\/hu\/wp-json\/wp\/v2\/users\/1"}],"replies":[{"embeddable":true,"href":"https:\/\/orawka-kosciol.pl\/hu\/wp-json\/wp\/v2\/comments?post=17"}],"version-history":[{"count":16,"href":"https:\/\/orawka-kosciol.pl\/hu\/wp-json\/wp\/v2\/pages\/17\/revisions"}],"predecessor-version":[{"id":1870,"href":"https:\/\/orawka-kosciol.pl\/hu\/wp-json\/wp\/v2\/pages\/17\/revisions\/1870"}],"wp:attachment":[{"href":"https:\/\/orawka-kosciol.pl\/hu\/wp-json\/wp\/v2\/media?parent=17"}],"curies":[{"name":"wp","href":"https:\/\/api.w.org\/{rel}","templated":true}]}}