{"id":8,"date":"2013-12-03T16:24:01","date_gmt":"2013-12-03T15:24:01","guid":{"rendered":"http:\/\/orawka-kosciol.pl\/?page_id=8"},"modified":"2025-07-28T19:41:06","modified_gmt":"2025-07-28T17:41:06","slug":"zwiedzanie","status":"publish","type":"page","link":"https:\/\/orawka-kosciol.pl\/hu\/zwiedzanie\/","title":{"rendered":"Idegenvezet\u00e9s 2025"},"content":{"rendered":"<p><\/p>\n<p style=\"text-align: center;\"><strong>A turista id\u00e9ny <span class=\"HwtZe\" lang=\"hu\"><span class=\"jCAhz ChMk0b\"><span class=\"ryNqvb\">j\u00falius 1-j\u00e9t\u0151l augusztus 31-ig tart.<\/span><\/span><\/span><\/strong><\/p>\n<p style=\"text-align: center;\"><strong> <span class=\"tlid-translation translation\" lang=\"hu\"><span class=\"\" title=\"\">p\u00e9ntek<\/span><\/span>, szombat 9:00 \u2013 17:30<\/strong><\/p>\n<p style=\"text-align: center;\"><strong>\u00a0<\/strong><strong>vas\u00e1rnap 11:30 \u2013 16:30<\/strong><strong>\u00a0<\/strong><\/p>\n<p style=\"text-align: center;\">Tov\u00e1bbi id\u0151pontok a tervezetben (k\u00e9k r\u00e9sz a jobb oldalon). L\u00e1togat\u00e1s elt\u00e9r\u0151 id\u0151pontban <strong>legal\u00e1bb 10 f\u0151s csoportok r\u00e9sz\u00e9re<\/strong> foglal\u00e1ssal lehets\u00e9ges (legal\u00e1bb 2 nappal kor\u00e1bban) telefonon a <strong>+ 48 691 204\u00a0504<\/strong>\u00a0sz\u00e1mon,<br \/>\nvagy e-mailben az <strong>orawka.kosciol@gmail.com<\/strong> c\u00edmen<\/p>\n<p style=\"text-align: center;\"><strong>A fel\u00faj\u00edt\u00e1sra adom\u00e1nyozott bel\u00e9p\u0151jegyek \u00e1ra feln\u0151tteknek 8 PLN, 18 \u00e9ven aluliak szem\u00e9lyenk\u00e9nt 5 PLN, 40 f\u0151 feletti csoportokban azonban 7 PLN feln\u0151tt szem\u00e9lynek.<\/strong><\/p>\n<p style=\"text-align: center;\">\n<p><\/p>","protected":false},"excerpt":{"rendered":"<p>A turista id\u00e9ny j\u00falius 1-j\u00e9t\u0151l augusztus 31-ig tart. p\u00e9ntek, szombat 9:00 \u2013 17:30 \u00a0vas\u00e1rnap 11:30 \u2013 16:30\u00a0 Tov\u00e1bbi id\u0151pontok a tervezetben (k\u00e9k r\u00e9sz a jobb oldalon). L\u00e1togat\u00e1s elt\u00e9r\u0151 id\u0151pontban legal\u00e1bb 10 f\u0151s csoportok r\u00e9sz\u00e9re foglal\u00e1ssal lehets\u00e9ges (legal\u00e1bb 2 nappal kor\u00e1bban) telefonon a + 48 691 204\u00a0504\u00a0sz\u00e1mon, vagy e-mailben az orawka.kosciol@gmail.com c\u00edmen A fel\u00faj\u00edt\u00e1sra adom\u00e1nyozott bel\u00e9p\u0151jegyek [&hellip;]<\/p>\n","protected":false},"author":1,"featured_media":0,"parent":0,"menu_order":0,"comment_status":"closed","ping_status":"closed","template":"","meta":{"footnotes":""},"class_list":["post-8","page","type-page","status-publish","hentry"],"_links":{"self":[{"href":"https:\/\/orawka-kosciol.pl\/hu\/wp-json\/wp\/v2\/pages\/8","targetHints":{"allow":["GET"]}}],"collection":[{"href":"https:\/\/orawka-kosciol.pl\/hu\/wp-json\/wp\/v2\/pages"}],"about":[{"href":"https:\/\/orawka-kosciol.pl\/hu\/wp-json\/wp\/v2\/types\/page"}],"author":[{"embeddable":true,"href":"https:\/\/orawka-kosciol.pl\/hu\/wp-json\/wp\/v2\/users\/1"}],"replies":[{"embeddable":true,"href":"https:\/\/orawka-kosciol.pl\/hu\/wp-json\/wp\/v2\/comments?post=8"}],"version-history":[{"count":368,"href":"https:\/\/orawka-kosciol.pl\/hu\/wp-json\/wp\/v2\/pages\/8\/revisions"}],"predecessor-version":[{"id":3522,"href":"https:\/\/orawka-kosciol.pl\/hu\/wp-json\/wp\/v2\/pages\/8\/revisions\/3522"}],"wp:attachment":[{"href":"https:\/\/orawka-kosciol.pl\/hu\/wp-json\/wp\/v2\/media?parent=8"}],"curies":[{"name":"wp","href":"https:\/\/api.w.org\/{rel}","templated":true}]}}