{"id":17,"date":"2013-12-03T17:21:54","date_gmt":"2013-12-03T16:21:54","guid":{"rendered":"http:\/\/orawka-kosciol.pl\/?page_id=17"},"modified":"2018-02-22T17:08:15","modified_gmt":"2018-02-22T16:08:15","slug":"mapa","status":"publish","type":"page","link":"https:\/\/orawka-kosciol.pl\/sk\/mapa\/","title":{"rendered":"Mapa"},"content":{"rendered":"<p><iframe loading=\"lazy\" src=\"https:\/\/maps.google.pl\/maps?f=q&amp;source=s_q&amp;hl=pl&amp;geocode=&amp;q=ko%C5%9Bcio%C5%82+w+pobli%C5%BCu+Orawka&amp;aq=0&amp;oq=orawka+ko%C5%9B&amp;sll=49.849312,20.252287&amp;sspn=3.492674,8.453979&amp;ie=UTF8&amp;hq=ko%C5%9Bcio%C5%82&amp;hnear=Orawka,+nowotarski,+Wojew%C3%B3dztwo+ma%C5%82opolskie&amp;t=m&amp;fll=49.550663,19.761143&amp;fspn=0.054905,0.132093&amp;st=107658235038825379151&amp;rq=1&amp;ev=zi&amp;split=1&amp;ll=49.485258,19.704295&amp;spn=0.054945,0.132093&amp;iwloc=lyrftr:m,15662212109365748514,49.511111,19.718571&amp;output=embed\" width=\"600\" height=\"500\" frameborder=\"0\" marginwidth=\"0\" marginheight=\"0\" scrolling=\"no\"><\/iframe><br \/>\n<small><a style=\"color: #0000ff; text-align: left;\" href=\"https:\/\/maps.google.pl\/maps?f=q&amp;source=embed&amp;hl=pl&amp;geocode=&amp;q=ko%C5%9Bcio%C5%82+w+pobli%C5%BCu+Orawka&amp;aq=0&amp;oq=orawka+ko%C5%9B&amp;sll=49.849312,20.252287&amp;sspn=3.492674,8.453979&amp;ie=UTF8&amp;hq=ko%C5%9Bcio%C5%82&amp;hnear=Orawka,+nowotarski,+Wojew%C3%B3dztwo+ma%C5%82opolskie&amp;t=m&amp;fll=49.550663,19.761143&amp;fspn=0.054905,0.132093&amp;st=107658235038825379151&amp;rq=1&amp;ev=zi&amp;split=1&amp;ll=49.485258,19.704295&amp;spn=0.054945,0.132093&amp;iwloc=lyrftr:m,15662212109365748514,49.511111,19.718571\">Wy\u015bwietl wi\u0119ksz\u0105 map\u0119<\/a><\/small><\/p>","protected":false},"excerpt":{"rendered":"<p>Wy\u015bwietl wi\u0119ksz\u0105 map\u0119<\/p>\n","protected":false},"author":1,"featured_media":0,"parent":0,"menu_order":3,"comment_status":"closed","ping_status":"closed","template":"","meta":{"footnotes":""},"class_list":["post-17","page","type-page","status-publish","hentry"],"_links":{"self":[{"href":"https:\/\/orawka-kosciol.pl\/sk\/wp-json\/wp\/v2\/pages\/17","targetHints":{"allow":["GET"]}}],"collection":[{"href":"https:\/\/orawka-kosciol.pl\/sk\/wp-json\/wp\/v2\/pages"}],"about":[{"href":"https:\/\/orawka-kosciol.pl\/sk\/wp-json\/wp\/v2\/types\/page"}],"author":[{"embeddable":true,"href":"https:\/\/orawka-kosciol.pl\/sk\/wp-json\/wp\/v2\/users\/1"}],"replies":[{"embeddable":true,"href":"https:\/\/orawka-kosciol.pl\/sk\/wp-json\/wp\/v2\/comments?post=17"}],"version-history":[{"count":13,"href":"https:\/\/orawka-kosciol.pl\/sk\/wp-json\/wp\/v2\/pages\/17\/revisions"}],"predecessor-version":[{"id":1870,"href":"https:\/\/orawka-kosciol.pl\/sk\/wp-json\/wp\/v2\/pages\/17\/revisions\/1870"}],"wp:attachment":[{"href":"https:\/\/orawka-kosciol.pl\/sk\/wp-json\/wp\/v2\/media?parent=17"}],"curies":[{"name":"wp","href":"https:\/\/api.w.org\/{rel}","templated":true}]}}