{"id":8,"date":"2013-12-03T16:24:01","date_gmt":"2013-12-03T15:24:01","guid":{"rendered":"http:\/\/orawka-kosciol.pl\/?page_id=8"},"modified":"2025-07-28T19:41:06","modified_gmt":"2025-07-28T17:41:06","slug":"zwiedzanie","status":"publish","type":"page","link":"https:\/\/orawka-kosciol.pl\/sk\/zwiedzanie\/","title":{"rendered":"Otv\u00e1racie hodiny 2025"},"content":{"rendered":"<p><\/p>\n<p style=\"text-align: center;\"><strong><span class=\"tlid-translation translation\"><span title=\"\">Turistick\u00e1 sez\u00f3na trv\u00e1 od <span class=\"tlid-translation translation\" lang=\"sk\"><span class=\"\" title=\"\">1. jula<\/span><\/span> do 31. augusta.<\/span><\/span><\/strong><\/p>\n<p style=\"text-align: center;\"><strong><span title=\"\"> Prehliadky <\/span><\/strong><\/p>\n<p style=\"text-align: center;\"><span class=\"tlid-translation translation\">\u00a0 <span class=\"HwtZe\" lang=\"sk\"><span class=\"jCAhz ChMk0b\"><span class=\"ryNqvb\">\u0161tvrtok<\/span><\/span><\/span>, <\/span><span class=\"tlid-translation translation\"><span title=\"\">piatok, <\/span><\/span><span class=\"tlid-translation translation\"><span title=\"\">sobota 9.30 &#8211; 17.30 <\/span><\/span><\/p>\n<p style=\"text-align: center;\"><span class=\"tlid-translation translation\"><span title=\"\">nede\u013ea 11.30 &#8211; 16.30<\/span><\/span><\/p>\n<p><strong><span title=\"\">Dodato\u010dn\u00e9 otv\u00e1racie hodiny s\u00fa uveden\u00e9 v rozvrhu (ved\u013ea modr\u00e9ho pozadia)<\/span><\/strong>.<\/p>\n<p style=\"text-align: center;\"><span class=\"HwtZe\" lang=\"sk\"><span class=\"jCAhz ChMk0b\"><span class=\"ryNqvb\">V inom \u010dase je mo\u017en\u00e1 prehliadka v skupin\u00e1ch <strong>nad 10 dospel\u00fdch<\/strong> po predch\u00e1dzaj\u00facom nahl\u00e1sen\u00ed (minim\u00e1lne 2 dni vopred)<\/span><\/span><\/span><\/p>\n<p style=\"text-align: center;\"><span class=\"HwtZe\" lang=\"sk\"> <span class=\"jCAhz ChMk0b\"><span class=\"ryNqvb\">tel +48 691 204 504 (sprievodca) alebo +48 18 265 23 40 (k\u0148az);<\/span><\/span><\/span><\/p>\n<p style=\"text-align: center;\"><span class=\"HwtZe\" lang=\"sk\"> <span class=\"jCAhz ChMk0b\"><span class=\"ryNqvb\">e-mail orawka.kosciol@gmail.com<\/span><\/span> <\/span><\/p>\n<p style=\"text-align: center;\"><span class=\"HwtZe\" lang=\"sk\"><span class=\"jCAhz ChMk0b\"><span class=\"ryNqvb\">Vstupenka je darom na renov\u00e1ciu pam\u00e4tn\u00edka, 8 PLN pre dospel\u00fdch.<\/span><\/span><\/span><\/p>\n<div class=\"_5wd4 _1nc7 direction_ltr\">\n<div class=\"_h8t\">\n<div class=\"_5wd9\">\n<div class=\"_5wde _n4o\">\n<div class=\"_5w1r _3_om _5wdf\">\n<div class=\"_4gx_\"><\/div>\n<\/div>\n<\/div>\n<\/div>\n<\/div>\n<\/div>\n<div class=\"_5wd4 _1nc7 direction_ltr _2cnu\">\n<div class=\"_h8t\">\n<div class=\"_5wd9\">\n<div class=\"_5wde _n4o\">\n<div class=\"_5w1r _3_om _5wdf\">\n<div class=\"_4gx_\">\n<div class=\"_d97\">\n<div class=\"_5wd4 _1nc7 direction_ltr\" style=\"text-align: center;\">\n<div class=\"_h8t\">\n<div class=\"_5wd9\">\n<div class=\"_5wde _n4o\">\n<div class=\"_5w1r _3_om _5wdf\">\n<div class=\"_4gx_\">\n<div class=\"_d97\"><\/div>\n<\/div>\n<\/div>\n<\/div>\n<\/div>\n<\/div>\n<div class=\"_3ry4\"><\/div>\n<\/div>\n<div class=\"_5wd4 _1nc7 direction_ltr\">\n<div class=\"_h8t\">\n<div class=\"_5wd9\">\n<div class=\"_5wde _n4o\">\n<div class=\"_5w1r _3_om _5wdf\">\n<div class=\"_4gx_\">\n<div class=\"_d97\" style=\"text-align: center;\"><\/div>\n<\/div>\n<\/div>\n<\/div>\n<\/div>\n<\/div>\n<\/div>\n<\/div>\n<\/div>\n<\/div>\n<\/div>\n<\/div>\n<\/div>\n<\/div>\n<div class=\"_5wd4 _1nc7 direction_ltr\">\n<div class=\"_h8t\">\n<div class=\"_5wd9\">\n<div class=\"_5wde _n4o\">\n<div class=\"_5w1r _3_om _5wdf\">\n<div class=\"_4gx_\"><\/div>\n<\/div>\n<\/div>\n<\/div>\n<\/div>\n<\/div>\n<div class=\"_5wd4 _1nc7 direction_ltr _2cnu\">\n<div class=\"_h8t\">\n<div class=\"_5wd9\">\n<div class=\"_5wde _n4o\">\n<div class=\"_5w1r _3_om _5wdf\">\n<div class=\"_4gx_\">\n<div class=\"_d97\">\n<div class=\"_5wd4 _1nc7 direction_ltr\" style=\"text-align: center;\">\n<div class=\"_h8t\">\n<div class=\"_5wd9\">\n<div class=\"_5wde _n4o\">\n<div class=\"_5w1r _3_om _5wdf\">\n<div class=\"_4gx_\">\n<div class=\"_d97\"><\/div>\n<\/div>\n<\/div>\n<\/div>\n<\/div>\n<\/div>\n<div class=\"_3ry4\"><\/div>\n<\/div>\n<div class=\"_5wd4 _1nc7 direction_ltr\">\n<div class=\"_h8t\">\n<div class=\"_5wd9\">\n<div class=\"_5wde _n4o\">\n<div class=\"_5w1r _3_om _5wdf\">\n<div class=\"_4gx_\">\n<div class=\"_d97\" style=\"text-align: center;\"><\/div>\n<\/div>\n<\/div>\n<\/div>\n<\/div>\n<\/div>\n<\/div>\n<\/div>\n<\/div>\n<\/div>\n<\/div>\n<\/div>\n<\/div>\n<\/div>\n<div class=\"_5wd4 _1nc7 direction_ltr\">\n<div class=\"_h8t\">\n<div class=\"_5wd9\">\n<div class=\"_5wde _n4o\">\n<div class=\"_5w1r _3_om _5wdf\">\n<div class=\"_4gx_\"><\/div>\n<\/div>\n<\/div>\n<\/div>\n<\/div>\n<\/div>\n<div class=\"_5wd4 _1nc7 direction_ltr\">\n<div class=\"_h8t\">\n<div class=\"_5wd9\">\n<div class=\"_5wde _n4o\">\n<div class=\"_5w1r _3_om _5wdf\">\n<div class=\"_4gx_\">\n<div><\/div>\n<\/div>\n<\/div>\n<\/div>\n<\/div>\n<\/div>\n<div class=\"_3ry4\" style=\"text-align: center;\"><\/div>\n<\/div>\n<div class=\"_5wd4 _1nc7 direction_ltr _2cnu\" style=\"text-align: center;\">\n<div class=\"_h8t\">\n<div class=\"_5wd9\">\n<div class=\"_5wde _n4o\">\n<div class=\"_5w1r _3_om _5wdf\">\n<div class=\"_4gx_\"><\/div>\n<\/div>\n<\/div>\n<\/div>\n<\/div>\n<\/div>\n<div class=\"_5wd4 _1nc7 direction_ltr _2cnu\" style=\"text-align: center;\">\n<div class=\"_h8t\">\n<div class=\"_5wd9\">\n<div class=\"_5wde _n4o\">\n<div class=\"_5w1r _3_om _5wdf\">\n<div class=\"_4gx_\">\n<div><\/div>\n<\/div>\n<\/div>\n<\/div>\n<\/div>\n<\/div>\n<\/div>\n<div class=\"_5wd4 _1nc7 direction_ltr _2cnu\" style=\"text-align: center;\">\n<div class=\"_h8t\">\n<div class=\"_5wd9\">\n<div class=\"_5wde _n4o\">\n<div class=\"_5w1r _3_om _5wdf\">\n<div class=\"_4gx_\"><\/div>\n<\/div>\n<\/div>\n<\/div>\n<\/div>\n<\/div>\n<div class=\"_5wd4 _1nc7 direction_ltr\">\n<div class=\"_h8t\">\n<div class=\"_5wd9\">\n<div class=\"_5wde _n4o\">\n<div class=\"_5w1r _3_om _5wdf\">\n<div class=\"_4gx_\">\n<div><\/div>\n<\/div>\n<\/div>\n<\/div>\n<\/div>\n<\/div>\n<\/div>\n<div class=\"_5wd4 _1nc7 direction_ltr\">\n<div class=\"_h8t\">\n<div class=\"_5wd9\">\n<div class=\"_5wde _n4o\">\n<div class=\"_5w1r _3_om _5wdf\">\n<div class=\"_4gx_\">\n<div class=\"_d97\" style=\"text-align: center;\"><\/div>\n<div><\/div>\n<\/div>\n<\/div>\n<\/div>\n<\/div>\n<\/div>\n<div class=\"_3ry4\" style=\"text-align: center;\"><\/div>\n<\/div>\n<div class=\"_5wd4 _1nc7 direction_ltr _2cnu\" style=\"text-align: center;\">\n<div class=\"_h8t\">\n<div class=\"_5wd9\">\n<div class=\"_5wde _n4o\">\n<div class=\"_5w1r _3_om _5wdf\">\n<div class=\"_4gx_\"><\/div>\n<\/div>\n<\/div>\n<\/div>\n<\/div>\n<\/div>\n<div class=\"_5wd4 _1nc7 direction_ltr _2cnu\">\n<div class=\"_h8t\">\n<div class=\"_5wd9\">\n<div class=\"_5wde _n4o\">\n<div class=\"_5w1r _3_om _5wdf\">\n<div class=\"_4gx_\">\n<div class=\"_d97\">\n<div class=\"_5wd4 _1nc7 direction_ltr\" style=\"text-align: center;\">\n<div class=\"_h8t\">\n<div class=\"_5wd9\">\n<div class=\"_5wde _n4o\">\n<div class=\"_5w1r _3_om _5wdf\">\n<div class=\"_4gx_\">\n<div class=\"_d97\"><\/div>\n<\/div>\n<\/div>\n<\/div>\n<\/div>\n<\/div>\n<div class=\"_3ry4\"><\/div>\n<\/div>\n<div class=\"_5wd4 _1nc7 direction_ltr\">\n<div class=\"_h8t\">\n<div class=\"_5wd9\">\n<div class=\"_5wde _n4o\">\n<div class=\"_5w1r _3_om _5wdf\">\n<div class=\"_4gx_\">\n<div class=\"_d97\" style=\"text-align: center;\"><\/div>\n<\/div>\n<\/div>\n<\/div>\n<\/div>\n<\/div>\n<\/div>\n<\/div>\n<\/div>\n<\/div>\n<\/div>\n<\/div>\n<\/div>\n<\/div>\n<div class=\"_5wd4 _1nc7 direction_ltr\">\n<div class=\"_h8t\">\n<div class=\"_5wd9\">\n<div class=\"_5wde _n4o\">\n<div class=\"_5w1r _3_om _5wdf\">\n<div class=\"_4gx_\"><\/div>\n<\/div>\n<\/div>\n<\/div>\n<\/div>\n<\/div>\n<div class=\"_5wd4 _1nc7 direction_ltr _2cnu\">\n<div class=\"_h8t\">\n<div class=\"_5wd9\">\n<div class=\"_5wde _n4o\">\n<div class=\"_5w1r _3_om _5wdf\">\n<div class=\"_4gx_\">\n<div class=\"_d97\">\n<div class=\"_5wd4 _1nc7 direction_ltr\">\n<div class=\"_h8t\">\n<div class=\"_5wd9\">\n<div class=\"_5wde _n4o\">\n<div class=\"_5w1r _3_om _5wdf\">\n<div class=\"_4gx_\">\n<div class=\"_d97\" style=\"text-align: center;\"><\/div>\n<\/div>\n<\/div>\n<\/div>\n<\/div>\n<\/div>\n<\/div>\n<\/div>\n<\/div>\n<\/div>\n<\/div>\n<\/div>\n<\/div>\n<\/div>\n<p><\/p>","protected":false},"excerpt":{"rendered":"<p>Turistick\u00e1 sez\u00f3na trv\u00e1 od 1. jula do 31. augusta. Prehliadky \u00a0 \u0161tvrtok, piatok, sobota 9.30 &#8211; 17.30 nede\u013ea 11.30 &#8211; 16.30 Dodato\u010dn\u00e9 otv\u00e1racie hodiny s\u00fa uveden\u00e9 v rozvrhu (ved\u013ea modr\u00e9ho pozadia). V inom \u010dase je mo\u017en\u00e1 prehliadka v skupin\u00e1ch nad 10 dospel\u00fdch po predch\u00e1dzaj\u00facom nahl\u00e1sen\u00ed (minim\u00e1lne 2 dni vopred) tel +48 691 204 504 (sprievodca) [&hellip;]<\/p>\n","protected":false},"author":1,"featured_media":0,"parent":0,"menu_order":0,"comment_status":"closed","ping_status":"closed","template":"","meta":{"footnotes":""},"class_list":["post-8","page","type-page","status-publish","hentry"],"_links":{"self":[{"href":"https:\/\/orawka-kosciol.pl\/sk\/wp-json\/wp\/v2\/pages\/8","targetHints":{"allow":["GET"]}}],"collection":[{"href":"https:\/\/orawka-kosciol.pl\/sk\/wp-json\/wp\/v2\/pages"}],"about":[{"href":"https:\/\/orawka-kosciol.pl\/sk\/wp-json\/wp\/v2\/types\/page"}],"author":[{"embeddable":true,"href":"https:\/\/orawka-kosciol.pl\/sk\/wp-json\/wp\/v2\/users\/1"}],"replies":[{"embeddable":true,"href":"https:\/\/orawka-kosciol.pl\/sk\/wp-json\/wp\/v2\/comments?post=8"}],"version-history":[{"count":325,"href":"https:\/\/orawka-kosciol.pl\/sk\/wp-json\/wp\/v2\/pages\/8\/revisions"}],"predecessor-version":[{"id":3522,"href":"https:\/\/orawka-kosciol.pl\/sk\/wp-json\/wp\/v2\/pages\/8\/revisions\/3522"}],"wp:attachment":[{"href":"https:\/\/orawka-kosciol.pl\/sk\/wp-json\/wp\/v2\/media?parent=8"}],"curies":[{"name":"wp","href":"https:\/\/api.w.org\/{rel}","templated":true}]}}